{"id":10182,"date":"2023-11-09T10:04:01","date_gmt":"2023-11-09T10:04:01","guid":{"rendered":"https:\/\/arvantage.de\/imprint\/"},"modified":"2024-02-01T11:11:11","modified_gmt":"2024-02-01T11:11:11","slug":"imprint","status":"publish","type":"page","link":"https:\/\/arvantage.de\/en\/imprint\/","title":{"rendered":"Legal Notice"},"content":{"rendered":"\t\t<div data-elementor-type=\"wp-page\" data-elementor-id=\"10182\" class=\"elementor elementor-10182 elementor-41\" data-elementor-post-type=\"page\">\n\t\t\t\t<div class=\"elementor-element elementor-element-7abbb6c e-flex e-con-boxed e-con e-parent\" data-id=\"7abbb6c\" data-element_type=\"container\" data-e-type=\"container\" data-settings=\"{&quot;background_background&quot;:&quot;classic&quot;}\">\n\t\t\t\t\t<div class=\"e-con-inner\">\n\t\t<div class=\"elementor-element elementor-element-2476d8a e-flex e-con-boxed e-con e-child\" data-id=\"2476d8a\" data-element_type=\"container\" data-e-type=\"container\" data-settings=\"{&quot;background_background&quot;:&quot;classic&quot;}\">\n\t\t\t\t\t<div class=\"e-con-inner\">\n\t\t\t\t<div class=\"elementor-element elementor-element-e5368fc elementor-widget elementor-widget-text-editor\" data-id=\"e5368fc\" data-element_type=\"widget\" data-e-type=\"widget\" data-widget_type=\"text-editor.default\">\n\t\t\t\t<div class=\"elementor-widget-container\">\n\t\t\t\t\t\t\t\t\t<h2>The provider of this website within the meaning of Section 5 Telemedia Act<br>(TMG) is:<\/h2>\n<p>ARVANTAGE Gastell Rechtsanw\u00e4lte PartG mbB<br>Kurf\u00fcrstendamm 57<br>10707 Berlin<\/p>\n<p>Telephone: +49 (0)30 513 022 770<br>Fax: + 49 (0)30 513 022 710<br>E-mail: office@arvantage.de<\/p>\n<h4>Partnership details<\/h4>\n<p>ARVANTAGE Gastell Rechtsanw\u00e4lte PartG mbB is a partnership within the meaning of the law on partnerships of members of the liberal professions. Sitz der Partnerschaft ist Berlin. Die Gesellschaft ist im Handelsregister des Amtsgerichts Charlottenburg unter dem Aktenzeichen PR 1041 B eingetragen.  <\/p>\n<h4>Partner \/ Authorised representative<\/h4>\n<p>Dr. Roland Gastell, Constanze Grosch, Doris Kilg, Friederike Kumsteller<\/p>\n<h4>Competent bar association<\/h4>\n<p>Rechtsanwaltskammer Berlin, Littenstra\u00dfe 9, 10179 Berlin. All lawyers have been admitted to practice in the Federal Republic of Germany. The relevant professional regulations include the Federal Lawyers\u2019 Act (BRAO), the Professional Code of Conduct for Lawyers (BORA), the Lawyers\u2019 Remuneration Act (RVG), the Code of Conduct for Lawyers in the European Union (CCBE) and the Specialist Lawyers\u2019 Act (FAO). These can be found at www.brak.de under the heading \u201cProfessional law\u201d.<\/p>\n<h4>Professional liability insurance<\/h4>\n<p>Professional liability insurance for lawyers is available from ERGO Versicherung AG, Victoriaplatz 1, 40477 D\u00fcsseldorf. Der Geltungsbereich der Berufshaftpflichtversicherung ist weltweit. <\/p>\n<h4>VAT identification number<\/h4>\n<p>DE 304 508 737<\/p>\n<h4>Copyright<\/h4>\n<p>The copyright to the content of this website or parts of it belongs to ARVANTAGE or the person who has granted ARVANTAGE a corresponding right of use. Einzelne Seiten dieser Webseite d\u00fcrfen zum ausschlie\u00dflichen Gebrauch innerhalb Ihres Unternehmens heruntergeladen, vor\u00fcbergehend gespeichert und gedruckt werden. Jede andere Vervielf\u00e4ltigung, \u00dcbertragung oder Verbreitung jeglichen Inhalts dieser Webseite, insbesondere durch Herunterladen, Speichern oder Drucken, ist nur mit ausdr\u00fccklicher Einwilligung von ARVANTAGE gestattet.  <\/p>\n<h4>Liability<\/h4>\n<p>We make every effort to ensure the accuracy of the information and links contained on this website. Jedoch ist jegliche Haftung im Zusammenhang mit der Nutzung der Informationen, der Links oder dem Vertrauen auf deren Richtigkeit ausgeschlossen. Insbesondere stellen die auf dieser Webseite enthaltenen Informationen keine Rechtsberatung dar.  <\/p>\n<h4>Out-of-court dispute resolution<\/h4>\n<p>In the event of disputes between lawyers and their clients, there is the possibility of pursuing an out-of-court dispute resolution upon request at the Berlin Bar Association (pursuant to Section 73 [2] No. 3 in conjunction with Section 73 [5] Federal Lawyers\u2019 Act [BRAO]) or at the arbitration centre of the legal profession at the Federal Bar Association (Section 191f Federal Lawyers\u2019 Act [BRAO]), which can be found on the Internet via the homepage of the arbitration centre for the legal profession (www.schlichtungsstelle-der-rechtsanwaltschaft.de), e-mail: schlichtungsstelle@s-d-r.org.<\/p>\n<h4>Web design and technical execution<\/h4>\n<p>Orangener Vorhang GmbH, www.orangenervorhang.de<br>Vetter &amp; Talents GmbH, www.vetterandtalents.com<\/p>\n<h4>Photos<\/h4>\n<p>Oliver Betke, www.betkebilder.com<\/p>\n<p><\/p>\t\t\t\t\t\t\t\t<\/div>\n\t\t\t\t<\/div>\n\t\t\t\t\t<\/div>\n\t\t\t\t<\/div>\n\t\t\t\t<div class=\"elementor-element elementor-element-c8a9e15 elementor-shape-circle elementor-grid-1 e-grid-align-left elementor-widget__width-auto elementor-fixed elementor-hidden-tablet elementor-hidden-mobile_extra elementor-hidden-mobile elementor-widget elementor-widget-social-icons\" data-id=\"c8a9e15\" data-element_type=\"widget\" data-e-type=\"widget\" data-settings=\"{&quot;_position&quot;:&quot;fixed&quot;}\" data-widget_type=\"social-icons.default\">\n\t\t\t\t<div class=\"elementor-widget-container\">\n\t\t\t\t\t\t\t<div class=\"elementor-social-icons-wrapper elementor-grid\" role=\"list\">\n\t\t\t\t\t\t\t<span class=\"elementor-grid-item\" role=\"listitem\">\n\t\t\t\t\t<a class=\"elementor-icon elementor-social-icon elementor-social-icon- elementor-repeater-item-a6d4f2a\" target=\"_blank\">\n\t\t\t\t\t\t<span class=\"elementor-screen-only\"><\/span>\n\t\t\t\t\t\t<svg xmlns=\"http:\/\/www.w3.org\/2000\/svg\" width=\"23\" height=\"12\" viewBox=\"0 0 23 12\" fill=\"none\"><path id=\"ad_units\" d=\"M6.8565 9C6.8565 9.14167 6.80167 9.26042 6.692 9.35625C6.58235 9.45208 6.44647 9.5 6.28435 9.5C6.12225 9.5 5.98663 9.45208 5.87748 9.35625C5.76833 9.26042 5.71375 9.14167 5.71375 9L5.71375 3C5.71375 2.85833 5.76858 2.73958 5.87825 2.64375C5.98791 2.54792 6.1238 2.5 6.2859 2.5C6.44801 2.5 6.58364 2.54792 6.69277 2.64375C6.80192 2.73958 6.8565 2.85833 6.8565 3L6.8565 9ZM22.855 10.3846C22.855 10.8289 22.6742 11.2091 22.3127 11.5255C21.9512 11.8418 21.5167 12 21.009 12L1.84597 12C1.33832 12 0.903753 11.8418 0.542263 11.5255C0.180755 11.2091 -5.11922e-08 10.8289 -7.06103e-08 10.3846L-4.53926e-07 1.61537C-4.73344e-07 1.17114 0.180754 0.790859 0.542263 0.474525C0.903753 0.158175 1.33832 -5.84999e-08 1.84597 -8.06899e-08L21.009 -9.18334e-07C21.5167 -9.40524e-07 21.9512 0.158175 22.3127 0.474524C22.6742 0.790858 22.855 1.17114 22.855 1.61537L22.855 10.3846ZM18.8554 11L18.8554 0.999999L3.99962 1L3.99963 11L18.8554 11Z\" fill=\"#2C3648\"><\/path><\/svg>\t\t\t\t\t<\/a>\n\t\t\t\t<\/span>\n\t\t\t\t\t\t\t<span class=\"elementor-grid-item\" role=\"listitem\">\n\t\t\t\t\t<a class=\"elementor-icon elementor-social-icon elementor-social-icon- elementor-repeater-item-dd6ba55\" target=\"_blank\">\n\t\t\t\t\t\t<span class=\"elementor-screen-only\"><\/span>\n\t\t\t\t\t\t<svg xmlns=\"http:\/\/www.w3.org\/2000\/svg\" width=\"20\" height=\"20\" viewBox=\"0 0 20 20\" fill=\"none\"><g id=\"Group\"><path id=\"Vector\" d=\"M2.22151 15.5552C3.44351 15.5552 4.4436 16.3334 4.4436 17.7773C4.4436 19.1112 3.44351 20 2.33217 20C1.11017 20 2.18129e-07 19.1112 1.59825e-07 17.7773C-0.00058543 16.4441 0.999502 15.5552 2.22151 15.5552Z\" fill=\"#2C3648\"><\/path><path id=\"Vector_2\" d=\"M5.55469 15.5552L5.55469 20L19.9997 20L19.9997 15.5552L5.55469 15.5552Z\" fill=\"#2C3648\"><\/path><path id=\"Vector_3\" d=\"M5.77637 4.88816C5.77637 7.22092 7.10904 8.55476 7.99904 9.11043L7.99904 9.22109L6.10895 9.44301L6.10895 13.4434C7.33212 13.4434 8.77663 13.3327 10.4431 13.3327L19.9983 13.3327L19.9983 8.88851L12.1101 8.88851C11.6656 8.88851 11.3331 8.88851 10.9993 8.77785C10.2217 8.44409 9.22163 7.88842 9.22163 6.66642C9.22163 5.11067 10.5543 4.44433 12.3326 4.44433L19.9995 4.44433L19.9995 -0.000435497L11.7763 -0.000435138C7.66529 -0.00102051 5.77637 2.1104 5.77637 4.88816Z\" fill=\"#2C3648\"><\/path><\/g><\/svg>\t\t\t\t\t<\/a>\n\t\t\t\t<\/span>\n\t\t\t\t\t\t\t<span class=\"elementor-grid-item\" role=\"listitem\">\n\t\t\t\t\t<a class=\"elementor-icon elementor-social-icon elementor-social-icon- elementor-repeater-item-d6a368b\" target=\"_blank\">\n\t\t\t\t\t\t<span class=\"elementor-screen-only\"><\/span>\n\t\t\t\t\t\t<svg xmlns=\"http:\/\/www.w3.org\/2000\/svg\" width=\"20\" height=\"10\" viewBox=\"0 0 20 10\" fill=\"none\"><path id=\"Vector\" d=\"M3.59482 1.58138L3.59482 -1.57135e-07L0.00306643 -1.34056e-10L-3.32996e-07 2.38193C-1.85499e-07 5.75627 2.09599 7.35779 5.08007 7.35779L7.90685 7.35779L7.90685 10L11.3199 10L11.3199 7.35737L20 7.35737L20 3.39406L11.3199 3.39406L11.3199 0.751438L7.90817 0.00126041L7.90817 3.39406L5.57778 3.39406C4.62354 3.39406 3.59482 2.89493 3.59482 1.58138Z\" fill=\"#2C3648\"><\/path><\/svg>\t\t\t\t\t<\/a>\n\t\t\t\t<\/span>\n\t\t\t\t\t<\/div>\n\t\t\t\t\t\t<\/div>\n\t\t\t\t<\/div>\n\t\t\t\t<div class=\"elementor-element elementor-element-3707270 elementor-shape-circle elementor-grid-1 e-grid-align-left elementor-widget__width-auto elementor-fixed elementor-hidden-tablet elementor-hidden-mobile_extra elementor-hidden-mobile elementor-widget elementor-widget-social-icons\" data-id=\"3707270\" data-element_type=\"widget\" data-e-type=\"widget\" data-settings=\"{&quot;_position&quot;:&quot;fixed&quot;}\" data-widget_type=\"social-icons.default\">\n\t\t\t\t<div class=\"elementor-widget-container\">\n\t\t\t\t\t\t\t<div class=\"elementor-social-icons-wrapper elementor-grid\" role=\"list\">\n\t\t\t\t\t\t\t<span class=\"elementor-grid-item\" role=\"listitem\">\n\t\t\t\t\t<a class=\"elementor-icon elementor-social-icon elementor-social-icon- elementor-repeater-item-a6d4f2a\" href=\"tel:030513022770\" target=\"_blank\">\n\t\t\t\t\t\t<span class=\"elementor-screen-only\"><\/span>\n\t\t\t\t\t\t<svg xmlns=\"http:\/\/www.w3.org\/2000\/svg\" width=\"23\" height=\"12\" viewBox=\"0 0 23 12\" fill=\"none\"><path id=\"ad_units\" d=\"M6.8565 9C6.8565 9.14167 6.80167 9.26042 6.692 9.35625C6.58235 9.45208 6.44647 9.5 6.28435 9.5C6.12225 9.5 5.98663 9.45208 5.87748 9.35625C5.76833 9.26042 5.71375 9.14167 5.71375 9L5.71375 3C5.71375 2.85833 5.76858 2.73958 5.87825 2.64375C5.98791 2.54792 6.1238 2.5 6.2859 2.5C6.44801 2.5 6.58364 2.54792 6.69277 2.64375C6.80192 2.73958 6.8565 2.85833 6.8565 3L6.8565 9ZM22.855 10.3846C22.855 10.8289 22.6742 11.2091 22.3127 11.5255C21.9512 11.8418 21.5167 12 21.009 12L1.84597 12C1.33832 12 0.903753 11.8418 0.542263 11.5255C0.180755 11.2091 -5.11922e-08 10.8289 -7.06103e-08 10.3846L-4.53926e-07 1.61537C-4.73344e-07 1.17114 0.180754 0.790859 0.542263 0.474525C0.903753 0.158175 1.33832 -5.84999e-08 1.84597 -8.06899e-08L21.009 -9.18334e-07C21.5167 -9.40524e-07 21.9512 0.158175 22.3127 0.474524C22.6742 0.790858 22.855 1.17114 22.855 1.61537L22.855 10.3846ZM18.8554 11L18.8554 0.999999L3.99962 1L3.99963 11L18.8554 11Z\" fill=\"#2C3648\"><\/path><\/svg>\t\t\t\t\t<\/a>\n\t\t\t\t<\/span>\n\t\t\t\t\t\t\t<span class=\"elementor-grid-item\" role=\"listitem\">\n\t\t\t\t\t<a class=\"elementor-icon elementor-social-icon elementor-social-icon- elementor-repeater-item-dd6ba55\" href=\"https:\/\/de.linkedin.com\/company\/arvantage-kanzlei-f%C3%BCr-arbeitsrecht\" target=\"_blank\">\n\t\t\t\t\t\t<span class=\"elementor-screen-only\"><\/span>\n\t\t\t\t\t\t<svg xmlns=\"http:\/\/www.w3.org\/2000\/svg\" width=\"20\" height=\"20\" viewBox=\"0 0 20 20\" fill=\"none\"><g id=\"Group\"><path id=\"Vector\" d=\"M2.22151 15.5552C3.44351 15.5552 4.4436 16.3334 4.4436 17.7773C4.4436 19.1112 3.44351 20 2.33217 20C1.11017 20 2.18129e-07 19.1112 1.59825e-07 17.7773C-0.00058543 16.4441 0.999502 15.5552 2.22151 15.5552Z\" fill=\"#2C3648\"><\/path><path id=\"Vector_2\" d=\"M5.55469 15.5552L5.55469 20L19.9997 20L19.9997 15.5552L5.55469 15.5552Z\" fill=\"#2C3648\"><\/path><path id=\"Vector_3\" d=\"M5.77637 4.88816C5.77637 7.22092 7.10904 8.55476 7.99904 9.11043L7.99904 9.22109L6.10895 9.44301L6.10895 13.4434C7.33212 13.4434 8.77663 13.3327 10.4431 13.3327L19.9983 13.3327L19.9983 8.88851L12.1101 8.88851C11.6656 8.88851 11.3331 8.88851 10.9993 8.77785C10.2217 8.44409 9.22163 7.88842 9.22163 6.66642C9.22163 5.11067 10.5543 4.44433 12.3326 4.44433L19.9995 4.44433L19.9995 -0.000435497L11.7763 -0.000435138C7.66529 -0.00102051 5.77637 2.1104 5.77637 4.88816Z\" fill=\"#2C3648\"><\/path><\/g><\/svg>\t\t\t\t\t<\/a>\n\t\t\t\t<\/span>\n\t\t\t\t\t\t\t<span class=\"elementor-grid-item\" role=\"listitem\">\n\t\t\t\t\t<a class=\"elementor-icon elementor-social-icon elementor-social-icon- elementor-repeater-item-d6a368b\" href=\"mailto:office@arvantage.de\" target=\"_blank\">\n\t\t\t\t\t\t<span class=\"elementor-screen-only\"><\/span>\n\t\t\t\t\t\t<svg xmlns=\"http:\/\/www.w3.org\/2000\/svg\" xmlns:xlink=\"http:\/\/www.w3.org\/1999\/xlink\" id=\"Ebene_1\" x=\"0px\" y=\"0px\" width=\"20px\" height=\"20px\" viewBox=\"0 0 20 20\" xml:space=\"preserve\"><g>\t<path fill=\"#2C3748\" d=\"M12.384,10c0,0.322-0.149,0.721-0.447,1.191c-0.149,0.274-0.422,0.658-0.819,1.155l-0.261,0.371   c-2.234,3.056-3.774,5.127-4.618,6.22l-0.186,0.261c-0.174,0.224-0.41,0.335-0.708,0.335H4.637c-0.497,0-0.918-0.172-1.266-0.521   c-0.348-0.347-0.521-0.769-0.521-1.266V2.254c0-0.496,0.174-0.918,0.521-1.266s0.77-0.521,1.266-0.521h0.708   c0.298,0,0.534,0.111,0.708,0.335l0.149,0.187c0.844,1.067,2.396,3.165,4.655,6.293l0.261,0.373   c0.397,0.496,0.67,0.881,0.819,1.154C12.234,9.28,12.384,9.678,12.384,10z M7.579,0.839c0.695,0.894,2.098,2.806,4.208,5.735   l0.298,0.372c0.447,0.571,0.771,1.043,0.968,1.415C13.4,8.957,13.575,9.503,13.575,10s-0.161,1.042-0.484,1.638   c-0.198,0.35-0.521,0.819-0.969,1.415l-0.335,0.374C9.603,16.43,8.2,18.342,7.579,19.162c-0.05,0.074-0.056,0.153-0.019,0.242   c0.038,0.087,0.105,0.129,0.205,0.129h7.597c0.497,0,0.919-0.172,1.267-0.521c0.347-0.347,0.521-0.769,0.521-1.266V2.254   c0-0.496-0.175-0.918-0.521-1.266c-0.348-0.348-0.77-0.521-1.267-0.521H7.766c-0.1,0-0.174,0.043-0.224,0.13   C7.492,0.685,7.505,0.765,7.579,0.839z\"><\/path><\/g><\/svg>\t\t\t\t\t<\/a>\n\t\t\t\t<\/span>\n\t\t\t\t\t<\/div>\n\t\t\t\t\t\t<\/div>\n\t\t\t\t<\/div>\n\t\t\t\t\t<\/div>\n\t\t\t\t<\/div>\n\t\t\t\t<section class=\"elementor-section elementor-top-section elementor-element elementor-element-3b7ecce elementor-hidden-mobile_extra elementor-hidden-mobile elementor-section-boxed elementor-section-height-default elementor-section-height-default\" data-id=\"3b7ecce\" data-element_type=\"section\" data-e-type=\"section\" data-settings=\"{&quot;background_background&quot;:&quot;classic&quot;}\">\n\t\t\t\t\t\t<div class=\"elementor-container elementor-column-gap-no\">\n\t\t\t\t\t<div class=\"elementor-column elementor-col-100 elementor-top-column elementor-element elementor-element-b650a78\" data-id=\"b650a78\" data-element_type=\"column\" data-e-type=\"column\">\n\t\t\t<div class=\"elementor-widget-wrap elementor-element-populated\">\n\t\t\t\t\t\t<section class=\"elementor-section elementor-inner-section elementor-element elementor-element-efc98cc elementor-hidden-tablet elementor-hidden-mobile elementor-section-boxed elementor-section-height-default elementor-section-height-default\" data-id=\"efc98cc\" data-element_type=\"section\" data-e-type=\"section\">\n\t\t\t\t\t\t<div class=\"elementor-container elementor-column-gap-default\">\n\t\t\t\t\t<div class=\"elementor-column elementor-col-50 elementor-inner-column elementor-element elementor-element-18b28c8\" data-id=\"18b28c8\" data-element_type=\"column\" data-e-type=\"column\">\n\t\t\t<div class=\"elementor-widget-wrap elementor-element-populated\">\n\t\t\t\t\t\t<div class=\"elementor-element elementor-element-53ea3f4 elementor-widget__width-auto elementor-widget elementor-widget-html\" data-id=\"53ea3f4\" data-element_type=\"widget\" data-e-type=\"widget\" data-widget_type=\"html.default\">\n\t\t\t\t<div class=\"elementor-widget-container\">\n\t\t\t\t\t<a href=\"https:\/\/arvantage.de\/en\/privacy-policy\/\" class=\"page-prev\">\n    \n Privacy policy\n<\/a>\t\t\t\t<\/div>\n\t\t\t\t<\/div>\n\t\t\t\t\t<\/div>\n\t\t<\/div>\n\t\t\t\t<div class=\"elementor-column elementor-col-50 elementor-inner-column elementor-element elementor-element-3dd382e\" data-id=\"3dd382e\" data-element_type=\"column\" data-e-type=\"column\">\n\t\t\t<div class=\"elementor-widget-wrap elementor-element-populated\">\n\t\t\t\t\t\t<div class=\"elementor-element elementor-element-fe75c72 .next-page elementor-widget__width-auto elementor-widget elementor-widget-html\" data-id=\"fe75c72\" data-element_type=\"widget\" data-e-type=\"widget\" data-widget_type=\"html.default\">\n\t\t\t\t<div class=\"elementor-widget-container\">\n\t\t\t\t\t<a href=\"https:\/\/arvantage.de\/en\/\" class=\"page-next\">\n    \n Home\n    \n<\/a>\t\t\t\t<\/div>\n\t\t\t\t<\/div>\n\t\t\t\t\t<\/div>\n\t\t<\/div>\n\t\t\t\t\t<\/div>\n\t\t<\/section>\n\t\t\t\t\t<\/div>\n\t\t<\/div>\n\t\t\t\t\t<\/div>\n\t\t<\/section>\n\t\t\t\t<\/div>\n\t\t","protected":false},"excerpt":{"rendered":"<p>The provider of this website within the meaning of Section 5 Telemedia Act(TMG) is: ARVANTAGE Gastell Rechtsanw\u00e4lte PartG mbBKurf\u00fcrstendamm 5710707 Berlin Telephone: +49 (0)30 513 022 770Fax: + 49 (0)30 513 022 710E-mail: office@arvantage.de Partnership details ARVANTAGE Gastell Rechtsanw\u00e4lte PartG mbB is a partnership within the meaning of the law on partnerships of members of [&hellip;]<\/p>\n","protected":false},"author":1,"featured_media":0,"parent":0,"menu_order":0,"comment_status":"closed","ping_status":"closed","template":"","meta":{"_acf_changed":false,"inline_featured_image":false,"site-sidebar-layout":"no-sidebar","site-content-layout":"","ast-site-content-layout":"full-width-container","site-content-style":"default","site-sidebar-style":"default","ast-global-header-display":"","ast-banner-title-visibility":"","ast-main-header-display":"","ast-hfb-above-header-display":"","ast-hfb-below-header-display":"","ast-hfb-mobile-header-display":"","site-post-title":"disabled","ast-breadcrumbs-content":"","ast-featured-img":"disabled","footer-sml-layout":"","ast-disable-related-posts":"","theme-transparent-header-meta":"default","adv-header-id-meta":"","stick-header-meta":"","header-above-stick-meta":"","header-main-stick-meta":"","header-below-stick-meta":"","astra-migrate-meta-layouts":"set","ast-page-background-enabled":"default","ast-page-background-meta":{"desktop":{"background-color":"var(--ast-global-color-4)","background-image":"","background-repeat":"repeat","background-position":"center center","background-size":"auto","background-attachment":"scroll","background-type":"","background-media":"","overlay-type":"","overlay-color":"","overlay-opacity":"","overlay-gradient":""},"tablet":{"background-color":"","background-image":"","background-repeat":"repeat","background-position":"center center","background-size":"auto","background-attachment":"scroll","background-type":"","background-media":"","overlay-type":"","overlay-color":"","overlay-opacity":"","overlay-gradient":""},"mobile":{"background-color":"","background-image":"","background-repeat":"repeat","background-position":"center center","background-size":"auto","background-attachment":"scroll","background-type":"","background-media":"","overlay-type":"","overlay-color":"","overlay-opacity":"","overlay-gradient":""}},"ast-content-background-meta":{"desktop":{"background-color":"var(--ast-global-color-5)","background-image":"","background-repeat":"repeat","background-position":"center center","background-size":"auto","background-attachment":"scroll","background-type":"","background-media":"","overlay-type":"","overlay-color":"","overlay-opacity":"","overlay-gradient":""},"tablet":{"background-color":"var(--ast-global-color-5)","background-image":"","background-repeat":"repeat","background-position":"center center","background-size":"auto","background-attachment":"scroll","background-type":"","background-media":"","overlay-type":"","overlay-color":"","overlay-opacity":"","overlay-gradient":""},"mobile":{"background-color":"var(--ast-global-color-5)","background-image":"","background-repeat":"repeat","background-position":"center center","background-size":"auto","background-attachment":"scroll","background-type":"","background-media":"","overlay-type":"","overlay-color":"","overlay-opacity":"","overlay-gradient":""}},"footnotes":""},"class_list":["post-10182","page","type-page","status-publish","hentry"],"acf":[],"_links":{"self":[{"href":"https:\/\/arvantage.de\/en\/wp-json\/wp\/v2\/pages\/10182","targetHints":{"allow":["GET"]}}],"collection":[{"href":"https:\/\/arvantage.de\/en\/wp-json\/wp\/v2\/pages"}],"about":[{"href":"https:\/\/arvantage.de\/en\/wp-json\/wp\/v2\/types\/page"}],"author":[{"embeddable":true,"href":"https:\/\/arvantage.de\/en\/wp-json\/wp\/v2\/users\/1"}],"replies":[{"embeddable":true,"href":"https:\/\/arvantage.de\/en\/wp-json\/wp\/v2\/comments?post=10182"}],"version-history":[{"count":0,"href":"https:\/\/arvantage.de\/en\/wp-json\/wp\/v2\/pages\/10182\/revisions"}],"wp:attachment":[{"href":"https:\/\/arvantage.de\/en\/wp-json\/wp\/v2\/media?parent=10182"}],"curies":[{"name":"wp","href":"https:\/\/api.w.org\/{rel}","templated":true}]}}